{"id":223,"date":"2019-06-11T08:00:35","date_gmt":"2019-06-11T07:00:35","guid":{"rendered":"http:\/\/guyaudin.fr\/wp\/?page_id=223"},"modified":"2025-10-15T17:50:53","modified_gmt":"2025-10-15T16:50:53","slug":"mes-voyages","status":"publish","type":"page","link":"https:\/\/guyaudin.fr\/wp\/?page_id=223","title":{"rendered":"Nos voyages"},"content":{"rendered":"\n<p>Ci-apr\u00e8s la liste des principaux voyages effectu\u00e9s avec Chantal, mon \u00e9pouse. <\/p>\n\n\n\n<ul class=\"wp-block-list\">\n<li>1991 La Turquie &#8211; Ayvalik<\/li>\n\n\n\n<li>1993 Canada &#8211; \u00c9tats Unis <\/li>\n\n\n\n<li>1996 La Turquie &#8211; Bodrum<\/li>\n\n\n\n<li>2003 Tha\u00eflande<\/li>\n\n\n\n<li>2004 \u00c9gypte<\/li>\n\n\n\n<li>2007 Autriche &#8211; Le Tyrol     <\/li>\n\n\n\n<li>2010 La Louisiane<\/li>\n\n\n\n<li>2011 Ouzb\u00e9kistan<\/li>\n\n\n\n<li>2012 \u00c9cosse et Prague<\/li>\n\n\n\n<li>2013 Croatie<\/li>\n\n\n\n<li>2014 Cachemire &#8211; Laddak et Istanbul (Turquie)<\/li>\n\n\n\n<li>2015 Exposition universelle \u00e0 Milan<\/li>\n\n\n\n<li>2016 L&rsquo;Afrique du Sud<\/li>\n\n\n\n<li>2017 L&rsquo;Espagne &#8211; r\u00e9gion de Barcelone<\/li>\n\n\n\n<li>2018 les villas v\u00e9suviennes<\/li>\n\n\n\n<li>2019 Le Cambodge : Kampot, Phnom Peng et Angkor<\/li>\n\n\n\n<li>2025 Les Balkans<\/li>\n<\/ul>\n\n\n\n<ul class=\"wp-block-list\">\n<li><\/li>\n<\/ul>\n\n\n","protected":false},"excerpt":{"rendered":"<p>Ci-apr\u00e8s la liste des principaux voyages effectu\u00e9s avec Chantal, mon \u00e9pouse.<\/p>\n","protected":false},"author":1,"featured_media":0,"parent":0,"menu_order":0,"comment_status":"closed","ping_status":"closed","template":"","meta":{"footnotes":""},"class_list":["post-223","page","type-page","status-publish","hentry"],"_links":{"self":[{"href":"https:\/\/guyaudin.fr\/wp\/index.php?rest_route=\/wp\/v2\/pages\/223","targetHints":{"allow":["GET"]}}],"collection":[{"href":"https:\/\/guyaudin.fr\/wp\/index.php?rest_route=\/wp\/v2\/pages"}],"about":[{"href":"https:\/\/guyaudin.fr\/wp\/index.php?rest_route=\/wp\/v2\/types\/page"}],"author":[{"embeddable":true,"href":"https:\/\/guyaudin.fr\/wp\/index.php?rest_route=\/wp\/v2\/users\/1"}],"replies":[{"embeddable":true,"href":"https:\/\/guyaudin.fr\/wp\/index.php?rest_route=%2Fwp%2Fv2%2Fcomments&post=223"}],"version-history":[{"count":13,"href":"https:\/\/guyaudin.fr\/wp\/index.php?rest_route=\/wp\/v2\/pages\/223\/revisions"}],"predecessor-version":[{"id":1427,"href":"https:\/\/guyaudin.fr\/wp\/index.php?rest_route=\/wp\/v2\/pages\/223\/revisions\/1427"}],"wp:attachment":[{"href":"https:\/\/guyaudin.fr\/wp\/index.php?rest_route=%2Fwp%2Fv2%2Fmedia&parent=223"}],"curies":[{"name":"wp","href":"https:\/\/api.w.org\/{rel}","templated":true}]}}