{"id":71,"date":"2012-02-24T19:23:30","date_gmt":"2012-02-24T18:23:30","guid":{"rendered":"http:\/\/guyaudin.fr\/wp\/?page_id=71"},"modified":"2023-04-26T21:39:03","modified_gmt":"2023-04-26T20:39:03","slug":"mon-site","status":"publish","type":"page","link":"https:\/\/guyaudin.fr\/wp\/?page_id=71","title":{"rendered":"Ma g\u00e9n\u00e9alogie"},"content":{"rendered":"<p><a href=\"https:\/\/guyaudin.fr\/wp\/wp-content\/uploads\/2012\/02\/G\u00e9n\u00e9atique.png\"><img loading=\"lazy\" decoding=\"async\" class=\"alignnone size-full wp-image-194\" src=\"https:\/\/guyaudin.fr\/wp\/wp-content\/uploads\/2012\/02\/G\u00e9n\u00e9atique.png\" alt=\"G\u00e9n\u00e9atique\" width=\"200\" height=\"200\" srcset=\"https:\/\/guyaudin.fr\/wp\/wp-content\/uploads\/2012\/02\/G\u00e9n\u00e9atique.png 200w, https:\/\/guyaudin.fr\/wp\/wp-content\/uploads\/2012\/02\/G\u00e9n\u00e9atique-150x150.png 150w\" sizes=\"auto, (max-width: 200px) 100vw, 200px\" \/><\/a><\/p>\n<p>Originaire du Bourbonnais, tous mes anc\u00eatres connus \u00e0 ce jour sont aussi de cette province fran\u00e7aise qui couvre \u00e0 peu pr\u00e8s le d\u00e9partement de l&rsquo;Allier.<\/p>\n<p>&nbsp;<\/p>\n","protected":false},"excerpt":{"rendered":"<p>Originaire du Bourbonnais, tous mes anc\u00eatres connus \u00e0 ce jour sont aussi de cette province fran\u00e7aise qui couvre \u00e0 peu pr\u00e8s le d\u00e9partement de l&rsquo;Allier. &nbsp;<\/p>\n","protected":false},"author":1,"featured_media":194,"parent":0,"menu_order":0,"comment_status":"open","ping_status":"open","template":"","meta":{"footnotes":""},"class_list":["post-71","page","type-page","status-publish","has-post-thumbnail","hentry"],"_links":{"self":[{"href":"https:\/\/guyaudin.fr\/wp\/index.php?rest_route=\/wp\/v2\/pages\/71","targetHints":{"allow":["GET"]}}],"collection":[{"href":"https:\/\/guyaudin.fr\/wp\/index.php?rest_route=\/wp\/v2\/pages"}],"about":[{"href":"https:\/\/guyaudin.fr\/wp\/index.php?rest_route=\/wp\/v2\/types\/page"}],"author":[{"embeddable":true,"href":"https:\/\/guyaudin.fr\/wp\/index.php?rest_route=\/wp\/v2\/users\/1"}],"replies":[{"embeddable":true,"href":"https:\/\/guyaudin.fr\/wp\/index.php?rest_route=%2Fwp%2Fv2%2Fcomments&post=71"}],"version-history":[{"count":10,"href":"https:\/\/guyaudin.fr\/wp\/index.php?rest_route=\/wp\/v2\/pages\/71\/revisions"}],"predecessor-version":[{"id":279,"href":"https:\/\/guyaudin.fr\/wp\/index.php?rest_route=\/wp\/v2\/pages\/71\/revisions\/279"}],"wp:featuredmedia":[{"embeddable":true,"href":"https:\/\/guyaudin.fr\/wp\/index.php?rest_route=\/wp\/v2\/media\/194"}],"wp:attachment":[{"href":"https:\/\/guyaudin.fr\/wp\/index.php?rest_route=%2Fwp%2Fv2%2Fmedia&parent=71"}],"curies":[{"name":"wp","href":"https:\/\/api.w.org\/{rel}","templated":true}]}}