{"id":80,"date":"2012-02-28T22:15:48","date_gmt":"2012-02-28T21:15:48","guid":{"rendered":"http:\/\/guyaudin.fr\/wp\/?page_id=80"},"modified":"2023-08-15T14:57:11","modified_gmt":"2023-08-15T13:57:11","slug":"a-propos","status":"publish","type":"page","link":"https:\/\/guyaudin.fr\/wp\/?page_id=80","title":{"rendered":"A propos"},"content":{"rendered":"<p style=\"text-align: center;\"><strong>Pour l&rsquo;instant ce site est essentiellement centr\u00e9 sur ma g\u00e9n\u00e9alogie malgr\u00e9 quelques informations sur mes voyages<\/strong><\/p>\n","protected":false},"excerpt":{"rendered":"<p>Pour l&rsquo;instant ce site est essentiellement centr\u00e9 sur ma g\u00e9n\u00e9alogie malgr\u00e9 quelques informations sur mes voyages<\/p>\n","protected":false},"author":1,"featured_media":0,"parent":0,"menu_order":0,"comment_status":"open","ping_status":"open","template":"onecolumn-page.php","meta":{"footnotes":""},"class_list":["post-80","page","type-page","status-publish","hentry"],"_links":{"self":[{"href":"https:\/\/guyaudin.fr\/wp\/index.php?rest_route=\/wp\/v2\/pages\/80","targetHints":{"allow":["GET"]}}],"collection":[{"href":"https:\/\/guyaudin.fr\/wp\/index.php?rest_route=\/wp\/v2\/pages"}],"about":[{"href":"https:\/\/guyaudin.fr\/wp\/index.php?rest_route=\/wp\/v2\/types\/page"}],"author":[{"embeddable":true,"href":"https:\/\/guyaudin.fr\/wp\/index.php?rest_route=\/wp\/v2\/users\/1"}],"replies":[{"embeddable":true,"href":"https:\/\/guyaudin.fr\/wp\/index.php?rest_route=%2Fwp%2Fv2%2Fcomments&post=80"}],"version-history":[{"count":9,"href":"https:\/\/guyaudin.fr\/wp\/index.php?rest_route=\/wp\/v2\/pages\/80\/revisions"}],"predecessor-version":[{"id":322,"href":"https:\/\/guyaudin.fr\/wp\/index.php?rest_route=\/wp\/v2\/pages\/80\/revisions\/322"}],"wp:attachment":[{"href":"https:\/\/guyaudin.fr\/wp\/index.php?rest_route=%2Fwp%2Fv2%2Fmedia&parent=80"}],"curies":[{"name":"wp","href":"https:\/\/api.w.org\/{rel}","templated":true}]}}